{"id":159,"date":"2025-10-20T06:53:11","date_gmt":"2025-10-20T06:53:11","guid":{"rendered":"https:\/\/tallerplacer.com\/?page_id=159"},"modified":"2025-10-28T14:31:54","modified_gmt":"2025-10-28T14:31:54","slug":"bio","status":"publish","type":"page","link":"https:\/\/tallerplacer.es\/val\/bio\/","title":{"rendered":"Bio"},"content":{"rendered":"<div data-elementor-type=\"wp-page\" data-elementor-id=\"159\" class=\"elementor elementor-159\" data-elementor-post-type=\"page\">\n\t\t\t\t<div class=\"elementor-element elementor-element-9c8cca6 e-con-full e-flex e-con e-parent\" data-id=\"9c8cca6\" data-element_type=\"container\">\n\t\t\t\t<div class=\"elementor-element elementor-element-d3afcb5 elementor-widget__width-initial elementor-widget-mobile__width-inherit elementor-widget elementor-widget-text-editor\" data-id=\"d3afcb5\" data-element_type=\"widget\" data-widget_type=\"text-editor.default\">\n\t\t\t\t\t\t\t\t\t<p>Taller Placer es un colectivo formado por <span style=\"text-decoration: underline;\"><span class=\"hover-img-trigger\">Paula Miralles y Vicente Arlandis<\/span><\/span> que cree profundamente en la fuerza del encuentro, en la potencia de la imaginaci\u00f3n y en la necesidad del pensamiento colectivo. Desde sus inicios all\u00e1 por el 2017, donde deciden nombrarse con esas dos palabras tan cargadas simb\u00f3licamente, han apostado por la idea b\u00e1sica de que crear es m\u00e1s que producir algo: es generar espacios donde poder estar juntas, aprender juntas y compartir una sensibilidad com\u00fan.<\/p><p>La actividad que m\u00e1s les interesa y divierte y a la que recurren con frecuencia cuando planean sus acciones es la excursi\u00f3n. Cada vez encuentran m\u00e1s necesario tomar distancia de los entornos habituales del arte para viajar f\u00edsica e imaginativamente hacia otros espacios que permitan replantearse qu\u00e9 nuevas formas de vida y relaci\u00f3n se pueden practicar. Una excursi\u00f3n no es solo un paseo o una visita, es una llamada a la imaginaci\u00f3n y a la interacci\u00f3n sensible.<\/p>\t\t\t\t\t\t\t\t<\/div>\n\t\t\t\t<div class=\"elementor-element elementor-element-d5a52ab elementor-absolute my-hover-img elementor-widget__width-inherit elementor-widget elementor-widget-image\" data-id=\"d5a52ab\" data-element_type=\"widget\" data-settings=\"{&quot;_position&quot;:&quot;absolute&quot;}\" data-widget_type=\"image.default\">\n\t\t\t\t\t\t\t\t\t\t\t\t\t\t\t<img fetchpriority=\"high\" decoding=\"async\" width=\"794\" height=\"522\" src=\"https:\/\/tallerplacer.es\/wp-content\/uploads\/2025\/10\/plantaalta-enlooscuroestaloinfinito-021_1_orig-1.jpg\" class=\"attachment-full size-full wp-image-166\" alt=\"\" srcset=\"https:\/\/tallerplacer.es\/wp-content\/uploads\/2025\/10\/plantaalta-enlooscuroestaloinfinito-021_1_orig-1.jpg 794w, https:\/\/tallerplacer.es\/wp-content\/uploads\/2025\/10\/plantaalta-enlooscuroestaloinfinito-021_1_orig-1-300x197.jpg 300w, https:\/\/tallerplacer.es\/wp-content\/uploads\/2025\/10\/plantaalta-enlooscuroestaloinfinito-021_1_orig-1-768x505.jpg 768w\" sizes=\"(max-width: 794px) 100vw, 794px\" \/>\t\t\t\t\t\t\t\t\t\t\t\t\t\t\t<\/div>\n\t\t\t\t<\/div>\n\t\t<div class=\"elementor-element elementor-element-117bd80 e-flex e-con-boxed e-con e-parent\" data-id=\"117bd80\" data-element_type=\"container\">\n\t\t\t\t\t<div class=\"e-con-inner\">\n\t\t\t\t<div class=\"elementor-element elementor-element-8dc9979 elementor-widget elementor-widget-html\" data-id=\"8dc9979\" data-element_type=\"widget\" data-widget_type=\"html.default\">\n\t\t\t\t\t<style>.hover-img-trigger {\r\n  position: relative;\r\n  \r\n  cursor: pointer;\r\n}\r\n\r\n\/* Imagen oculta por defecto *\/\r\n.hover-img-trigger::after {\r\n  content: \"\";\r\n  position: absolute;\r\n  top: 400%; \/* Debajo del texto *\/\r\n  left: 50%;\r\n  width: 650px; \/* Tama\u00f1o de la imagen *\/\r\n  height: 440px;\r\n  background-image: url('https:\/\/tallerplacer.es\/wp-content\/uploads\/2025\/10\/plantaalta-enlooscuroestaloinfinito-021_1_orig-1.jpg'); \/* REEMPLAZA con tu imagen *\/\r\n  background-size: cover;\r\n  background-position: center;\r\n  display: none;\r\n  z-index: 9999;\r\n}\r\n\r\n\/* Mostrar imagen al hacer hover *\/\r\n.hover-img-trigger:hover::after {\r\n  display: block;\r\n}\r\n\r\n@media (hover: none) and (pointer: coarse) {\r\n  .hover-img-trigger::after {\r\n    display: none !important;\r\n  }\r\n\r\n  .hover-img-trigger:hover::after {\r\n    display: none !important;\r\n  }\r\n}\r\n\r\n\r\n<\/style>\r\n\t\t\t\t<\/div>\n\t\t\t\t<div class=\"elementor-element elementor-element-227fd32 elementor-hidden-desktop elementor-hidden-tablet elementor-widget elementor-widget-image\" data-id=\"227fd32\" data-element_type=\"widget\" data-widget_type=\"image.default\">\n\t\t\t\t\t\t\t\t\t\t\t\t\t\t\t<img fetchpriority=\"high\" decoding=\"async\" width=\"794\" height=\"522\" src=\"https:\/\/tallerplacer.es\/wp-content\/uploads\/2025\/10\/plantaalta-enlooscuroestaloinfinito-021_1_orig-1.jpg\" class=\"attachment-full size-full wp-image-166\" alt=\"\" srcset=\"https:\/\/tallerplacer.es\/wp-content\/uploads\/2025\/10\/plantaalta-enlooscuroestaloinfinito-021_1_orig-1.jpg 794w, https:\/\/tallerplacer.es\/wp-content\/uploads\/2025\/10\/plantaalta-enlooscuroestaloinfinito-021_1_orig-1-300x197.jpg 300w, https:\/\/tallerplacer.es\/wp-content\/uploads\/2025\/10\/plantaalta-enlooscuroestaloinfinito-021_1_orig-1-768x505.jpg 768w\" sizes=\"(max-width: 794px) 100vw, 794px\" \/>\t\t\t\t\t\t\t\t\t\t\t\t\t\t\t<\/div>\n\t\t\t\t\t<\/div>\n\t\t\t\t<\/div>\n\t\t\t\t<\/div>","protected":false},"excerpt":{"rendered":"<p>Taller Placer es un colectivo formado por Paula Miralles y Vicente Arlandis que cree profundamente en la fuerza del encuentro, en la potencia de la imaginaci\u00f3n y en la necesidad del pensamiento colectivo. Desde sus inicios all\u00e1 por el 2017, donde deciden nombrarse con esas dos palabras tan cargadas simb\u00f3licamente, han apostado por la idea [&hellip;]<\/p>","protected":false},"author":1,"featured_media":0,"parent":0,"menu_order":0,"comment_status":"closed","ping_status":"closed","template":"","meta":{"_acf_changed":false,"footnotes":""},"class_list":["post-159","page","type-page","status-publish","hentry"],"acf":[],"yoast_head":"<!-- This site is optimized with the Yoast SEO plugin v26.5 - https:\/\/yoast.com\/wordpress\/plugins\/seo\/ -->\n<title>Bio - Taller Placer<\/title>\n<meta name=\"description\" content=\"Equipo de Taller Placer: un espacio de intersecci\u00f3n entre arte, teor\u00eda y comunidad que apuesta por la creaci\u00f3n y el aprendizaje colectivo.\" \/>\n<meta name=\"robots\" content=\"index, follow, max-snippet:-1, max-image-preview:large, max-video-preview:-1\" \/>\n<link rel=\"canonical\" href=\"https:\/\/tallerplacer.es\/val\/bio\/\" \/>\n<meta property=\"og:locale\" content=\"ca_ES\" \/>\n<meta property=\"og:type\" content=\"article\" \/>\n<meta property=\"og:title\" content=\"Bio - Taller Placer\" \/>\n<meta property=\"og:description\" content=\"Equipo de Taller Placer: un espacio de intersecci\u00f3n entre arte, teor\u00eda y comunidad que apuesta por la creaci\u00f3n y el aprendizaje colectivo.\" \/>\n<meta property=\"og:url\" content=\"https:\/\/tallerplacer.es\/val\/bio\/\" \/>\n<meta property=\"og:site_name\" content=\"Taller Placer\" \/>\n<meta property=\"article:publisher\" content=\"https:\/\/facebook.com\/tallerplacer\" \/>\n<meta property=\"article:modified_time\" content=\"2025-10-28T14:31:54+00:00\" \/>\n<meta property=\"og:image\" content=\"https:\/\/tallerplacer.es\/wp-content\/uploads\/2025\/10\/plantaalta-enlooscuroestaloinfinito-021_1_orig-1.jpg\" \/>\n<meta name=\"twitter:card\" content=\"summary_large_image\" \/>\n<meta name=\"twitter:label1\" content=\"Temps estimat de lectura\" \/>\n\t<meta name=\"twitter:data1\" content=\"2 minuts\" \/>\n<script type=\"application\/ld+json\" class=\"yoast-schema-graph\">{\"@context\":\"https:\/\/schema.org\",\"@graph\":[{\"@type\":\"WebPage\",\"@id\":\"https:\/\/tallerplacer.es\/bio\/\",\"url\":\"https:\/\/tallerplacer.es\/bio\/\",\"name\":\"Bio - Taller Placer\",\"isPartOf\":{\"@id\":\"https:\/\/tallerplacer.es\/#website\"},\"primaryImageOfPage\":{\"@id\":\"https:\/\/tallerplacer.es\/bio\/#primaryimage\"},\"image\":{\"@id\":\"https:\/\/tallerplacer.es\/bio\/#primaryimage\"},\"thumbnailUrl\":\"https:\/\/tallerplacer.es\/wp-content\/uploads\/2025\/10\/plantaalta-enlooscuroestaloinfinito-021_1_orig-1.jpg\",\"datePublished\":\"2025-10-20T06:53:11+00:00\",\"dateModified\":\"2025-10-28T14:31:54+00:00\",\"description\":\"Equipo de Taller Placer: un espacio de intersecci\u00f3n entre arte, teor\u00eda y comunidad que apuesta por la creaci\u00f3n y el aprendizaje colectivo.\",\"breadcrumb\":{\"@id\":\"https:\/\/tallerplacer.es\/bio\/#breadcrumb\"},\"inLanguage\":\"ca\",\"potentialAction\":[{\"@type\":\"ReadAction\",\"target\":[\"https:\/\/tallerplacer.es\/bio\/\"]}]},{\"@type\":\"ImageObject\",\"inLanguage\":\"ca\",\"@id\":\"https:\/\/tallerplacer.es\/bio\/#primaryimage\",\"url\":\"https:\/\/tallerplacer.es\/wp-content\/uploads\/2025\/10\/plantaalta-enlooscuroestaloinfinito-021_1_orig-1.jpg\",\"contentUrl\":\"https:\/\/tallerplacer.es\/wp-content\/uploads\/2025\/10\/plantaalta-enlooscuroestaloinfinito-021_1_orig-1.jpg\"},{\"@type\":\"BreadcrumbList\",\"@id\":\"https:\/\/tallerplacer.es\/bio\/#breadcrumb\",\"itemListElement\":[{\"@type\":\"ListItem\",\"position\":1,\"name\":\"Portada\",\"item\":\"https:\/\/tallerplacer.es\/\"},{\"@type\":\"ListItem\",\"position\":2,\"name\":\"Bio\"}]},{\"@type\":\"WebSite\",\"@id\":\"https:\/\/tallerplacer.es\/#website\",\"url\":\"https:\/\/tallerplacer.es\/\",\"name\":\"Taller Placer\",\"description\":\"\",\"publisher\":{\"@id\":\"https:\/\/tallerplacer.es\/#organization\"},\"potentialAction\":[{\"@type\":\"SearchAction\",\"target\":{\"@type\":\"EntryPoint\",\"urlTemplate\":\"https:\/\/tallerplacer.es\/?s={search_term_string}\"},\"query-input\":{\"@type\":\"PropertyValueSpecification\",\"valueRequired\":true,\"valueName\":\"search_term_string\"}}],\"inLanguage\":\"ca\"},{\"@type\":\"Organization\",\"@id\":\"https:\/\/tallerplacer.es\/#organization\",\"name\":\"Taller Placer\",\"url\":\"https:\/\/tallerplacer.es\/\",\"logo\":{\"@type\":\"ImageObject\",\"inLanguage\":\"ca\",\"@id\":\"https:\/\/tallerplacer.es\/#\/schema\/logo\/image\/\",\"url\":\"https:\/\/tallerplacer.es\/wp-content\/uploads\/2025\/10\/LOGOO-taller-placer-1.svg\",\"contentUrl\":\"https:\/\/tallerplacer.es\/wp-content\/uploads\/2025\/10\/LOGOO-taller-placer-1.svg\",\"width\":1,\"height\":1,\"caption\":\"Taller Placer\"},\"image\":{\"@id\":\"https:\/\/tallerplacer.es\/#\/schema\/logo\/image\/\"},\"sameAs\":[\"https:\/\/facebook.com\/tallerplacer\",\"https:\/\/www.instagram.com\/tallerplacer\/?hl=es\"]}]}<\/script>\n<!-- \/ Yoast SEO plugin. -->","yoast_head_json":{"title":"Bio - Taller Placer","description":"Equipo de Taller Placer: un espacio de intersecci\u00f3n entre arte, teor\u00eda y comunidad que apuesta por la creaci\u00f3n y el aprendizaje colectivo.","robots":{"index":"index","follow":"follow","max-snippet":"max-snippet:-1","max-image-preview":"max-image-preview:large","max-video-preview":"max-video-preview:-1"},"canonical":"https:\/\/tallerplacer.es\/val\/bio\/","og_locale":"ca_ES","og_type":"article","og_title":"Bio - Taller Placer","og_description":"Equipo de Taller Placer: un espacio de intersecci\u00f3n entre arte, teor\u00eda y comunidad que apuesta por la creaci\u00f3n y el aprendizaje colectivo.","og_url":"https:\/\/tallerplacer.es\/val\/bio\/","og_site_name":"Taller Placer","article_publisher":"https:\/\/facebook.com\/tallerplacer","article_modified_time":"2025-10-28T14:31:54+00:00","og_image":[{"url":"https:\/\/tallerplacer.es\/wp-content\/uploads\/2025\/10\/plantaalta-enlooscuroestaloinfinito-021_1_orig-1.jpg","type":"","width":"","height":""}],"twitter_card":"summary_large_image","twitter_misc":{"Temps estimat de lectura":"2 minuts"},"schema":{"@context":"https:\/\/schema.org","@graph":[{"@type":"WebPage","@id":"https:\/\/tallerplacer.es\/bio\/","url":"https:\/\/tallerplacer.es\/bio\/","name":"Bio - Taller Placer","isPartOf":{"@id":"https:\/\/tallerplacer.es\/#website"},"primaryImageOfPage":{"@id":"https:\/\/tallerplacer.es\/bio\/#primaryimage"},"image":{"@id":"https:\/\/tallerplacer.es\/bio\/#primaryimage"},"thumbnailUrl":"https:\/\/tallerplacer.es\/wp-content\/uploads\/2025\/10\/plantaalta-enlooscuroestaloinfinito-021_1_orig-1.jpg","datePublished":"2025-10-20T06:53:11+00:00","dateModified":"2025-10-28T14:31:54+00:00","description":"Equipo de Taller Placer: un espacio de intersecci\u00f3n entre arte, teor\u00eda y comunidad que apuesta por la creaci\u00f3n y el aprendizaje colectivo.","breadcrumb":{"@id":"https:\/\/tallerplacer.es\/bio\/#breadcrumb"},"inLanguage":"ca","potentialAction":[{"@type":"ReadAction","target":["https:\/\/tallerplacer.es\/bio\/"]}]},{"@type":"ImageObject","inLanguage":"ca","@id":"https:\/\/tallerplacer.es\/bio\/#primaryimage","url":"https:\/\/tallerplacer.es\/wp-content\/uploads\/2025\/10\/plantaalta-enlooscuroestaloinfinito-021_1_orig-1.jpg","contentUrl":"https:\/\/tallerplacer.es\/wp-content\/uploads\/2025\/10\/plantaalta-enlooscuroestaloinfinito-021_1_orig-1.jpg"},{"@type":"BreadcrumbList","@id":"https:\/\/tallerplacer.es\/bio\/#breadcrumb","itemListElement":[{"@type":"ListItem","position":1,"name":"Portada","item":"https:\/\/tallerplacer.es\/"},{"@type":"ListItem","position":2,"name":"Bio"}]},{"@type":"WebSite","@id":"https:\/\/tallerplacer.es\/#website","url":"https:\/\/tallerplacer.es\/","name":"Taller Placer","description":"","publisher":{"@id":"https:\/\/tallerplacer.es\/#organization"},"potentialAction":[{"@type":"SearchAction","target":{"@type":"EntryPoint","urlTemplate":"https:\/\/tallerplacer.es\/?s={search_term_string}"},"query-input":{"@type":"PropertyValueSpecification","valueRequired":true,"valueName":"search_term_string"}}],"inLanguage":"ca"},{"@type":"Organization","@id":"https:\/\/tallerplacer.es\/#organization","name":"Taller Placer","url":"https:\/\/tallerplacer.es\/","logo":{"@type":"ImageObject","inLanguage":"ca","@id":"https:\/\/tallerplacer.es\/#\/schema\/logo\/image\/","url":"https:\/\/tallerplacer.es\/wp-content\/uploads\/2025\/10\/LOGOO-taller-placer-1.svg","contentUrl":"https:\/\/tallerplacer.es\/wp-content\/uploads\/2025\/10\/LOGOO-taller-placer-1.svg","width":1,"height":1,"caption":"Taller Placer"},"image":{"@id":"https:\/\/tallerplacer.es\/#\/schema\/logo\/image\/"},"sameAs":["https:\/\/facebook.com\/tallerplacer","https:\/\/www.instagram.com\/tallerplacer\/?hl=es"]}]}},"_links":{"self":[{"href":"https:\/\/tallerplacer.es\/val\/wp-json\/wp\/v2\/pages\/159","targetHints":{"allow":["GET"]}}],"collection":[{"href":"https:\/\/tallerplacer.es\/val\/wp-json\/wp\/v2\/pages"}],"about":[{"href":"https:\/\/tallerplacer.es\/val\/wp-json\/wp\/v2\/types\/page"}],"author":[{"embeddable":true,"href":"https:\/\/tallerplacer.es\/val\/wp-json\/wp\/v2\/users\/1"}],"replies":[{"embeddable":true,"href":"https:\/\/tallerplacer.es\/val\/wp-json\/wp\/v2\/comments?post=159"}],"version-history":[{"count":93,"href":"https:\/\/tallerplacer.es\/val\/wp-json\/wp\/v2\/pages\/159\/revisions"}],"predecessor-version":[{"id":737,"href":"https:\/\/tallerplacer.es\/val\/wp-json\/wp\/v2\/pages\/159\/revisions\/737"}],"wp:attachment":[{"href":"https:\/\/tallerplacer.es\/val\/wp-json\/wp\/v2\/media?parent=159"}],"curies":[{"name":"wp","href":"https:\/\/api.w.org\/{rel}","templated":true}]}}